{"id":264,"date":"2022-05-02T06:06:11","date_gmt":"2022-05-02T06:06:11","guid":{"rendered":"https:\/\/secretdogeres.com\/?page_id=264"},"modified":"2022-07-07T20:19:57","modified_gmt":"2022-07-07T20:19:57","slug":"contact","status":"publish","type":"page","link":"https:\/\/www.secretdogeres.com\/pt\/contact\/","title":{"rendered":"Contactos"},"content":{"rendered":"<div data-elementor-type=\"wp-page\" data-elementor-id=\"264\" class=\"elementor elementor-264\">\n\t\t\t\t\t\t<section class=\"elementor-section elementor-top-section elementor-element elementor-element-39e478e1 elementor-section-height-min-height elementor-section-boxed elementor-section-height-default elementor-section-items-middle\" data-id=\"39e478e1\" data-element_type=\"section\" data-settings=\"{&quot;background_background&quot;:&quot;classic&quot;}\">\n\t\t\t\t\t\t\t<div class=\"elementor-background-overlay\"><\/div>\n\t\t\t\t\t\t\t<div class=\"elementor-container elementor-column-gap-no\">\n\t\t\t\t\t<div class=\"elementor-column elementor-col-100 elementor-top-column elementor-element elementor-element-57376e2f\" data-id=\"57376e2f\" data-element_type=\"column\">\n\t\t\t<div class=\"elementor-widget-wrap elementor-element-populated\">\n\t\t\t\t\t\t<div class=\"elementor-element elementor-element-1747e441 elementor-widget elementor-widget-heading\" data-id=\"1747e441\" data-element_type=\"widget\" data-widget_type=\"heading.default\">\n\t\t\t\t<div class=\"elementor-widget-container\">\n\t\t\t\t\t<h2 class=\"elementor-heading-title elementor-size-default\">Contactos<\/h2>\t\t\t\t<\/div>\n\t\t\t\t<\/div>\n\t\t\t\t\t<\/div>\n\t\t<\/div>\n\t\t\t\t\t<\/div>\n\t\t<\/section>\n\t\t\t\t<section class=\"elementor-section elementor-top-section elementor-element elementor-element-6b7d8f7e elementor-section-content-middle elementor-section-boxed elementor-section-height-default elementor-section-height-default\" data-id=\"6b7d8f7e\" data-element_type=\"section\">\n\t\t\t\t\t\t<div class=\"elementor-container elementor-column-gap-no\">\n\t\t\t\t\t<div class=\"elementor-column elementor-col-50 elementor-top-column elementor-element elementor-element-53afde29\" data-id=\"53afde29\" data-element_type=\"column\">\n\t\t\t<div class=\"elementor-widget-wrap elementor-element-populated\">\n\t\t\t\t\t\t<div class=\"elementor-element elementor-element-1146f36 elementor-widget elementor-widget-text-editor\" data-id=\"1146f36\" data-element_type=\"widget\" data-widget_type=\"text-editor.default\">\n\t\t\t\t<div class=\"elementor-widget-container\">\n\t\t\t\t\t\t\t\t\t<p>Avenida Antigos Combatentes 1535 (EN 103 &#8211; km 68,5)<br \/>4850-052 Cani\u00e7ada<br \/><strong>Portugal<\/strong><\/p>\t\t\t\t\t\t\t\t<\/div>\n\t\t\t\t<\/div>\n\t\t\t\t<section class=\"elementor-section elementor-inner-section elementor-element elementor-element-469c0980 elementor-section-boxed elementor-section-height-default elementor-section-height-default\" data-id=\"469c0980\" data-element_type=\"section\">\n\t\t\t\t\t\t<div class=\"elementor-container elementor-column-gap-no\">\n\t\t\t\t\t<div class=\"elementor-column elementor-col-100 elementor-inner-column elementor-element elementor-element-4e46c392\" data-id=\"4e46c392\" data-element_type=\"column\">\n\t\t\t<div class=\"elementor-widget-wrap elementor-element-populated\">\n\t\t\t\t\t\t<div class=\"elementor-element elementor-element-3e18eb04 elementor-widget elementor-widget-heading\" data-id=\"3e18eb04\" data-element_type=\"widget\" data-widget_type=\"heading.default\">\n\t\t\t\t<div class=\"elementor-widget-container\">\n\t\t\t\t\t<h2 class=\"elementor-heading-title elementor-size-default\">Secret do Geres<\/h2>\t\t\t\t<\/div>\n\t\t\t\t<\/div>\n\t\t\t\t<div class=\"elementor-element elementor-element-20d00174 elementor-icon-list--layout-traditional elementor-list-item-link-full_width elementor-widget elementor-widget-icon-list\" data-id=\"20d00174\" data-element_type=\"widget\" data-widget_type=\"icon-list.default\">\n\t\t\t\t<div class=\"elementor-widget-container\">\n\t\t\t\t\t\t\t<ul class=\"elementor-icon-list-items\">\n\t\t\t\t\t\t\t<li class=\"elementor-icon-list-item\">\n\t\t\t\t\t\t\t\t\t\t\t<a href=\"https:\/\/wa.me\/351939771844%20\">\n\n\t\t\t\t\t\t\t\t\t\t\t\t<span class=\"elementor-icon-list-icon\">\n\t\t\t\t\t\t\t<i aria-hidden=\"true\" class=\"fab fa-whatsapp\"><\/i>\t\t\t\t\t\t<\/span>\n\t\t\t\t\t\t\t\t\t\t<span class=\"elementor-icon-list-text\">+351 939771844 <\/span>\n\t\t\t\t\t\t\t\t\t\t\t<\/a>\n\t\t\t\t\t\t\t\t\t<\/li>\n\t\t\t\t\t\t\t\t<li class=\"elementor-icon-list-item\">\n\t\t\t\t\t\t\t\t\t\t\t<a href=\"mailto:info@secretdogeres.com%20\">\n\n\t\t\t\t\t\t\t\t\t\t\t\t<span class=\"elementor-icon-list-icon\">\n\t\t\t\t\t\t\t<i aria-hidden=\"true\" class=\"fas fa-envelope\"><\/i>\t\t\t\t\t\t<\/span>\n\t\t\t\t\t\t\t\t\t\t<span class=\"elementor-icon-list-text\">info@secretdogeres.com <\/span>\n\t\t\t\t\t\t\t\t\t\t\t<\/a>\n\t\t\t\t\t\t\t\t\t<\/li>\n\t\t\t\t\t\t\t\t<li class=\"elementor-icon-list-item\">\n\t\t\t\t\t\t\t\t\t\t\t<span class=\"elementor-icon-list-icon\">\n\t\t\t\t\t\t\t<i aria-hidden=\"true\" class=\"fas fa-map-marker-alt\"><\/i>\t\t\t\t\t\t<\/span>\n\t\t\t\t\t\t\t\t\t\t<span class=\"elementor-icon-list-text\">Cani\u00e7ada, Portugal<\/span>\n\t\t\t\t\t\t\t\t\t<\/li>\n\t\t\t\t\t\t<\/ul>\n\t\t\t\t\t\t<\/div>\n\t\t\t\t<\/div>\n\t\t\t\t\t<\/div>\n\t\t<\/div>\n\t\t\t\t\t<\/div>\n\t\t<\/section>\n\t\t\t\t<div class=\"elementor-element elementor-element-bbe7b83 elementor-widget elementor-widget-text-editor\" data-id=\"bbe7b83\" data-element_type=\"widget\" data-widget_type=\"text-editor.default\">\n\t\t\t\t<div class=\"elementor-widget-container\">\n\t\t\t\t\t\t\t\t\t<p><strong>Coordenadas GPS<br \/><\/strong>(DMS) 41\u00b038&#8217;56.4&#8243;N 8\u00b010&#8217;33.2&#8243;W<br \/>(DD) 41.649010, -8.175898<\/p>\t\t\t\t\t\t\t\t<\/div>\n\t\t\t\t<\/div>\n\t\t\t\t\t<\/div>\n\t\t<\/div>\n\t\t\t\t<div class=\"elementor-column elementor-col-50 elementor-top-column elementor-element elementor-element-640c78f9\" data-id=\"640c78f9\" data-element_type=\"column\" data-settings=\"{&quot;background_background&quot;:&quot;classic&quot;}\">\n\t\t\t<div class=\"elementor-widget-wrap elementor-element-populated\">\n\t\t\t\t\t\t<div class=\"elementor-element elementor-element-5b964271 elementor-widget elementor-widget-google_maps\" data-id=\"5b964271\" data-element_type=\"widget\" data-widget_type=\"google_maps.default\">\n\t\t\t\t<div class=\"elementor-widget-container\">\n\t\t\t\t\t\t\t<div class=\"elementor-custom-embed\">\n\t\t\t<iframe loading=\"lazy\"\n\t\t\t\t\tsrc=\"https:\/\/maps.google.com\/maps?q=secret%20do%20geres&#038;t=m&#038;z=15&#038;output=embed&#038;iwloc=near\"\n\t\t\t\t\ttitle=\"secret do geres\"\n\t\t\t\t\taria-label=\"secret do geres\"\n\t\t\t><\/iframe>\n\t\t<\/div>\n\t\t\t\t\t\t<\/div>\n\t\t\t\t<\/div>\n\t\t\t\t\t<\/div>\n\t\t<\/div>\n\t\t\t\t\t<\/div>\n\t\t<\/section>\n\t\t\t\t<\/div>","protected":false},"excerpt":{"rendered":"<p>Contacto Avenida Antigos Combatentes 1535 (EN 103 &#8211; km 68,5)4850-052 Cani\u00e7adaPortugal Secret do Geres +351 939771844 info@secretdogeres.com Cani\u00e7ada, Portugal Coordenadas GPS(DMS) 41\u00b038&#8217;56.4&#8243;N 8\u00b010&#8217;33.2&#8243;W(DD) 41.649010, -8.175898<\/p>","protected":false},"author":3,"featured_media":0,"parent":0,"menu_order":0,"comment_status":"closed","ping_status":"closed","template":"elementor_header_footer","meta":{"inline_featured_image":false,"footnotes":""},"class_list":["post-264","page","type-page","status-publish","hentry"],"yoast_head":"<!-- This site is optimized with the Yoast SEO plugin v24.6 - https:\/\/yoast.com\/wordpress\/plugins\/seo\/ -->\n<title>Contacto - Secret Do Ger\u00eas<\/title>\n<meta name=\"robots\" content=\"index, follow, max-snippet:-1, max-image-preview:large, max-video-preview:-1\" \/>\n<link rel=\"canonical\" href=\"https:\/\/www.secretdogeres.com\/pt\/contact\/\" \/>\n<meta property=\"og:locale\" content=\"pt_PT\" \/>\n<meta property=\"og:type\" content=\"article\" \/>\n<meta property=\"og:title\" content=\"Contacto - Secret Do Ger\u00eas\" \/>\n<meta property=\"og:description\" content=\"Contacto Avenida Antigos Combatentes 1535 (EN 103 &#8211; km 68,5)4850-052 Cani\u00e7adaPortugal Secret do Geres +351 939771844 info@secretdogeres.com Cani\u00e7ada, Portugal Coordenadas GPS(DMS) 41\u00b038&#8217;56.4&#8243;N 8\u00b010&#8217;33.2&#8243;W(DD) 41.649010, -8.175898\" \/>\n<meta property=\"og:url\" content=\"https:\/\/www.secretdogeres.com\/pt\/contact\/\" \/>\n<meta property=\"og:site_name\" content=\"Secret Do Ger\u00eas\" \/>\n<meta property=\"article:modified_time\" content=\"2022-07-07T20:19:57+00:00\" \/>\n<meta name=\"twitter:card\" content=\"summary_large_image\" \/>\n<meta name=\"twitter:label1\" content=\"Tempo estimado de leitura\" \/>\n\t<meta name=\"twitter:data1\" content=\"1 minuto\" \/>\n<script type=\"application\/ld+json\" class=\"yoast-schema-graph\">{\"@context\":\"https:\/\/schema.org\",\"@graph\":[{\"@type\":\"WebPage\",\"@id\":\"https:\/\/www.secretdogeres.com\/contact\/\",\"url\":\"https:\/\/www.secretdogeres.com\/contact\/\",\"name\":\"Contacto - Secret Do Ger\u00eas\",\"isPartOf\":{\"@id\":\"https:\/\/www.secretdogeres.com\/pt\/#website\"},\"datePublished\":\"2022-05-02T06:06:11+00:00\",\"dateModified\":\"2022-07-07T20:19:57+00:00\",\"breadcrumb\":{\"@id\":\"https:\/\/www.secretdogeres.com\/contact\/#breadcrumb\"},\"inLanguage\":\"pt-PT\",\"potentialAction\":[{\"@type\":\"ReadAction\",\"target\":[\"https:\/\/www.secretdogeres.com\/contact\/\"]}]},{\"@type\":\"BreadcrumbList\",\"@id\":\"https:\/\/www.secretdogeres.com\/contact\/#breadcrumb\",\"itemListElement\":[{\"@type\":\"ListItem\",\"position\":1,\"name\":\"Portada\",\"item\":\"https:\/\/www.secretdogeres.com\/pt\/\"},{\"@type\":\"ListItem\",\"position\":2,\"name\":\"Contacto\"}]},{\"@type\":\"WebSite\",\"@id\":\"https:\/\/www.secretdogeres.com\/pt\/#website\",\"url\":\"https:\/\/www.secretdogeres.com\/pt\/\",\"name\":\"Secret Do Ger\u00eas\",\"description\":\"Treehouse Tourism\",\"publisher\":{\"@id\":\"https:\/\/www.secretdogeres.com\/pt\/#organization\"},\"potentialAction\":[{\"@type\":\"SearchAction\",\"target\":{\"@type\":\"EntryPoint\",\"urlTemplate\":\"https:\/\/www.secretdogeres.com\/pt\/?s={search_term_string}\"},\"query-input\":{\"@type\":\"PropertyValueSpecification\",\"valueRequired\":true,\"valueName\":\"search_term_string\"}}],\"inLanguage\":\"pt-PT\"},{\"@type\":\"Organization\",\"@id\":\"https:\/\/www.secretdogeres.com\/pt\/#organization\",\"name\":\"Secret Do Ger\u00eas\",\"url\":\"https:\/\/www.secretdogeres.com\/pt\/\",\"logo\":{\"@type\":\"ImageObject\",\"inLanguage\":\"pt-PT\",\"@id\":\"https:\/\/www.secretdogeres.com\/pt\/#\/schema\/logo\/image\/\",\"url\":\"https:\/\/www.secretdogeres.com\/wp-content\/uploads\/2022\/05\/cropped-sdg_logo.png\",\"contentUrl\":\"https:\/\/www.secretdogeres.com\/wp-content\/uploads\/2022\/05\/cropped-sdg_logo.png\",\"width\":182,\"height\":182,\"caption\":\"Secret Do Ger\u00eas\"},\"image\":{\"@id\":\"https:\/\/www.secretdogeres.com\/pt\/#\/schema\/logo\/image\/\"}}]}<\/script>\n<!-- \/ Yoast SEO plugin. -->","yoast_head_json":{"title":"Contacto - Secret Do Ger\u00eas","robots":{"index":"index","follow":"follow","max-snippet":"max-snippet:-1","max-image-preview":"max-image-preview:large","max-video-preview":"max-video-preview:-1"},"canonical":"https:\/\/www.secretdogeres.com\/pt\/contact\/","og_locale":"pt_PT","og_type":"article","og_title":"Contacto - Secret Do Ger\u00eas","og_description":"Contacto Avenida Antigos Combatentes 1535 (EN 103 &#8211; km 68,5)4850-052 Cani\u00e7adaPortugal Secret do Geres +351 939771844 info@secretdogeres.com Cani\u00e7ada, Portugal Coordenadas GPS(DMS) 41\u00b038&#8217;56.4&#8243;N 8\u00b010&#8217;33.2&#8243;W(DD) 41.649010, -8.175898","og_url":"https:\/\/www.secretdogeres.com\/pt\/contact\/","og_site_name":"Secret Do Ger\u00eas","article_modified_time":"2022-07-07T20:19:57+00:00","twitter_card":"summary_large_image","twitter_misc":{"Tempo estimado de leitura":"1 minuto"},"schema":{"@context":"https:\/\/schema.org","@graph":[{"@type":"WebPage","@id":"https:\/\/www.secretdogeres.com\/contact\/","url":"https:\/\/www.secretdogeres.com\/contact\/","name":"Contacto - Secret Do Ger\u00eas","isPartOf":{"@id":"https:\/\/www.secretdogeres.com\/pt\/#website"},"datePublished":"2022-05-02T06:06:11+00:00","dateModified":"2022-07-07T20:19:57+00:00","breadcrumb":{"@id":"https:\/\/www.secretdogeres.com\/contact\/#breadcrumb"},"inLanguage":"pt-PT","potentialAction":[{"@type":"ReadAction","target":["https:\/\/www.secretdogeres.com\/contact\/"]}]},{"@type":"BreadcrumbList","@id":"https:\/\/www.secretdogeres.com\/contact\/#breadcrumb","itemListElement":[{"@type":"ListItem","position":1,"name":"Portada","item":"https:\/\/www.secretdogeres.com\/pt\/"},{"@type":"ListItem","position":2,"name":"Contacto"}]},{"@type":"WebSite","@id":"https:\/\/www.secretdogeres.com\/pt\/#website","url":"https:\/\/www.secretdogeres.com\/pt\/","name":"Secret Do Ger\u00eas","description":"Treehouse Tourism","publisher":{"@id":"https:\/\/www.secretdogeres.com\/pt\/#organization"},"potentialAction":[{"@type":"SearchAction","target":{"@type":"EntryPoint","urlTemplate":"https:\/\/www.secretdogeres.com\/pt\/?s={search_term_string}"},"query-input":{"@type":"PropertyValueSpecification","valueRequired":true,"valueName":"search_term_string"}}],"inLanguage":"pt-PT"},{"@type":"Organization","@id":"https:\/\/www.secretdogeres.com\/pt\/#organization","name":"Secret Do Ger\u00eas","url":"https:\/\/www.secretdogeres.com\/pt\/","logo":{"@type":"ImageObject","inLanguage":"pt-PT","@id":"https:\/\/www.secretdogeres.com\/pt\/#\/schema\/logo\/image\/","url":"https:\/\/www.secretdogeres.com\/wp-content\/uploads\/2022\/05\/cropped-sdg_logo.png","contentUrl":"https:\/\/www.secretdogeres.com\/wp-content\/uploads\/2022\/05\/cropped-sdg_logo.png","width":182,"height":182,"caption":"Secret Do Ger\u00eas"},"image":{"@id":"https:\/\/www.secretdogeres.com\/pt\/#\/schema\/logo\/image\/"}}]}},"_links":{"self":[{"href":"https:\/\/www.secretdogeres.com\/pt\/wp-json\/wp\/v2\/pages\/264"}],"collection":[{"href":"https:\/\/www.secretdogeres.com\/pt\/wp-json\/wp\/v2\/pages"}],"about":[{"href":"https:\/\/www.secretdogeres.com\/pt\/wp-json\/wp\/v2\/types\/page"}],"author":[{"embeddable":true,"href":"https:\/\/www.secretdogeres.com\/pt\/wp-json\/wp\/v2\/users\/3"}],"replies":[{"embeddable":true,"href":"https:\/\/www.secretdogeres.com\/pt\/wp-json\/wp\/v2\/comments?post=264"}],"version-history":[{"count":28,"href":"https:\/\/www.secretdogeres.com\/pt\/wp-json\/wp\/v2\/pages\/264\/revisions"}],"predecessor-version":[{"id":1803,"href":"https:\/\/www.secretdogeres.com\/pt\/wp-json\/wp\/v2\/pages\/264\/revisions\/1803"}],"wp:attachment":[{"href":"https:\/\/www.secretdogeres.com\/pt\/wp-json\/wp\/v2\/media?parent=264"}],"curies":[{"name":"wp","href":"https:\/\/api.w.org\/{rel}","templated":true}]}}