{"id":30,"date":"2022-04-30T17:47:06","date_gmt":"2022-04-30T17:47:06","guid":{"rendered":"https:\/\/secretdogeres.com\/booking-confirmation\/"},"modified":"2025-11-16T12:09:06","modified_gmt":"2025-11-16T12:09:06","slug":"booking-confirmation","status":"publish","type":"page","link":"https:\/\/www.secretdogeres.com\/en\/booking-confirmation\/","title":{"rendered":"Booking confirmation"},"content":{"rendered":"<div data-elementor-type=\"wp-page\" data-elementor-id=\"30\" class=\"elementor elementor-30\">\n\t\t\t\t\t\t<section class=\"elementor-section elementor-top-section elementor-element elementor-element-113af34 elementor-section-height-min-height elementor-section-boxed elementor-section-height-default elementor-section-items-middle\" data-id=\"113af34\" data-element_type=\"section\" data-settings=\"{&quot;background_background&quot;:&quot;classic&quot;}\">\n\t\t\t\t\t\t\t<div class=\"elementor-background-overlay\"><\/div>\n\t\t\t\t\t\t\t<div class=\"elementor-container elementor-column-gap-no\">\n\t\t\t\t\t<div class=\"elementor-column elementor-col-100 elementor-top-column elementor-element elementor-element-ad9e912\" data-id=\"ad9e912\" data-element_type=\"column\">\n\t\t\t<div class=\"elementor-widget-wrap elementor-element-populated\">\n\t\t\t\t\t\t<div class=\"elementor-element elementor-element-e808daa elementor-widget elementor-widget-heading\" data-id=\"e808daa\" data-element_type=\"widget\" data-widget_type=\"heading.default\">\n\t\t\t\t<div class=\"elementor-widget-container\">\n\t\t\t\t\t<h2 class=\"elementor-heading-title elementor-size-default\">Booking Request<\/h2>\t\t\t\t<\/div>\n\t\t\t\t<\/div>\n\t\t\t\t\t<\/div>\n\t\t<\/div>\n\t\t\t\t\t<\/div>\n\t\t<\/section>\n\t\t\t\t<section class=\"elementor-section elementor-top-section elementor-element elementor-element-b4c00ac elementor-section-boxed elementor-section-height-default elementor-section-height-default\" data-id=\"b4c00ac\" data-element_type=\"section\">\n\t\t\t\t\t\t<div class=\"elementor-container elementor-column-gap-default\">\n\t\t\t\t\t<div class=\"elementor-column elementor-col-100 elementor-top-column elementor-element elementor-element-e2697cd\" data-id=\"e2697cd\" data-element_type=\"column\">\n\t\t\t<div class=\"elementor-widget-wrap elementor-element-populated\">\n\t\t\t\t\t\t<div class=\"elementor-element elementor-element-ddc355f elementor-widget elementor-widget-heading\" data-id=\"ddc355f\" data-element_type=\"widget\" data-widget_type=\"heading.default\">\n\t\t\t\t<div class=\"elementor-widget-container\">\n\t\t\t\t\t<h2 class=\"elementor-heading-title elementor-size-default\">Thank you very much for your interest in Secret do Ger\u00eas! <\/h2>\t\t\t\t<\/div>\n\t\t\t\t<\/div>\n\t\t\t\t<div class=\"elementor-element elementor-element-db9851b elementor-widget elementor-widget-text-editor\" data-id=\"db9851b\" data-element_type=\"widget\" data-widget_type=\"text-editor.default\">\n\t\t\t\t<div class=\"elementor-widget-container\">\n\t\t\t\t\t\t\t\t\t<p>To confirm your reservation, please contact us through any of the following contact channels.<\/p><p>* prices from \u20ac90\/night (continental breakfast included)<\/p>\t\t\t\t\t\t\t\t<\/div>\n\t\t\t\t<\/div>\n\t\t\t\t<div class=\"elementor-element elementor-element-1afb1211 elementor-widget elementor-widget-shortcode\" data-id=\"1afb1211\" data-element_type=\"widget\" data-widget_type=\"shortcode.default\">\n\t\t\t\t<div class=\"elementor-widget-container\">\n\t\t\t\t\t\t\t<div class=\"elementor-shortcode\"><div class=\"mphb_sc_checkout-wrapper\"><\/div> \n<div class=\"mphb_sc_room-wrapper\"><\/div> <\/div>\n\t\t\t\t\t\t<\/div>\n\t\t\t\t<\/div>\n\t\t\t\t<div class=\"elementor-element elementor-element-9cf215a elementor-widget elementor-widget-shortcode\" data-id=\"9cf215a\" data-element_type=\"widget\" data-widget_type=\"shortcode.default\">\n\t\t\t\t<div class=\"elementor-widget-container\">\n\t\t\t\t\t\t\t<div class=\"elementor-shortcode\">\n<div class=\"wpcf7 no-js\" id=\"wpcf7-f5762-o1\" lang=\"es-ES\" dir=\"ltr\" data-wpcf7-id=\"5762\">\n<div class=\"screen-reader-response\"><p role=\"status\" aria-live=\"polite\" aria-atomic=\"true\"><\/p> <ul><\/ul><\/div>\n<form action=\"\/en\/wp-json\/wp\/v2\/pages\/30#wpcf7-f5762-o1\" method=\"post\" class=\"wpcf7-form init\" aria-label=\"Formulario de contacto\" novalidate=\"novalidate\" data-status=\"init\" data-trp-original-action=\"\/en\/wp-json\/wp\/v2\/pages\/30#wpcf7-f5762-o1\">\n<div style=\"display: none;\">\n<input type=\"hidden\" name=\"_wpcf7\" value=\"5762\" \/>\n<input type=\"hidden\" name=\"_wpcf7_version\" value=\"6.0.5\" \/>\n<input type=\"hidden\" name=\"_wpcf7_locale\" value=\"es_ES\" \/>\n<input type=\"hidden\" name=\"_wpcf7_unit_tag\" value=\"wpcf7-f5762-o1\" \/>\n<input type=\"hidden\" name=\"_wpcf7_container_post\" value=\"0\" \/>\n<input type=\"hidden\" name=\"_wpcf7_posted_data_hash\" value=\"\" \/>\n<\/div>\n<p><span class=\"wpcf7-form-control-wrap\" data-name=\"your-name\"><input size=\"40\" maxlength=\"400\" class=\"wpcf7-form-control wpcf7-text wpcf7-validates-as-required\" aria-required=\"true\" aria-invalid=\"false\" placeholder=\"Name\" value=\"\" type=\"text\" name=\"your-name\" \/><\/span><br \/>\n<span class=\"wpcf7-form-control-wrap\" data-name=\"your-phone\"><input size=\"40\" maxlength=\"400\" class=\"wpcf7-form-control wpcf7-tel wpcf7-validates-as-required wpcf7-text wpcf7-validates-as-tel\" aria-required=\"true\" aria-invalid=\"false\" placeholder=\"Contact number\" value=\"\" type=\"tel\" name=\"your-phone\" \/><\/span><br \/>\n<span class=\"wpcf7-form-control-wrap\" data-name=\"your-email\"><input size=\"40\" maxlength=\"400\" class=\"wpcf7-form-control wpcf7-email wpcf7-validates-as-required wpcf7-text wpcf7-validates-as-email\" aria-required=\"true\" aria-invalid=\"false\" placeholder=\"E-mail\" value=\"\" type=\"email\" name=\"your-email\" \/><\/span><br \/>\n<input class=\"wpcf7-form-control wpcf7-hidden\" value=\"\" type=\"hidden\" name=\"mphb_checkout\" \/><br \/>\n<input class=\"wpcf7-form-control wpcf7-hidden\" value=\"\" type=\"hidden\" name=\"mphb_room\" \/><br \/>\n<input class=\"wpcf7-form-control wpcf7-submit has-spinner\" type=\"submit\" value=\"Send\" \/>\n<\/p><div class=\"wpcf7-response-output\" aria-hidden=\"true\"><\/div>\n<input type=\"hidden\" name=\"trp-form-language\" value=\"en\"\/><\/form>\n<\/div>\n\n<\/div>\n\t\t\t\t\t\t<\/div>\n\t\t\t\t<\/div>\n\t\t\t\t<div class=\"elementor-element elementor-element-e396888 elementor-shape-rounded elementor-grid-0 e-grid-align-center elementor-widget elementor-widget-social-icons\" data-id=\"e396888\" data-element_type=\"widget\" data-widget_type=\"social-icons.default\">\n\t\t\t\t<div class=\"elementor-widget-container\">\n\t\t\t\t\t\t\t<div class=\"elementor-social-icons-wrapper elementor-grid\" role=\"list\">\n\t\t\t\t\t\t\t<span class=\"elementor-grid-item\" role=\"listitem\">\n\t\t\t\t\t<a class=\"elementor-icon elementor-social-icon elementor-social-icon-whatsapp elementor-animation-float elementor-repeater-item-7ebf5ec\" href=\"https:\/\/wa.me\/351939771844\" target=\"_blank\">\n\t\t\t\t\t\t<span class=\"elementor-screen-only\">Whatsapp<\/span>\n\t\t\t\t\t\t<i aria-hidden=\"true\" class=\"fab fa-whatsapp\"><\/i>\t\t\t\t\t<\/a>\n\t\t\t\t<\/span>\n\t\t\t\t\t\t\t<span class=\"elementor-grid-item\" role=\"listitem\">\n\t\t\t\t\t<a class=\"elementor-icon elementor-social-icon elementor-social-icon-instagram elementor-animation-float elementor-repeater-item-a973326\" href=\"https:\/\/www.instagram.com\/secret_do_geres\/\" target=\"_blank\">\n\t\t\t\t\t\t<span class=\"elementor-screen-only\">Instagram<\/span>\n\t\t\t\t\t\t<i aria-hidden=\"true\" class=\"fab fa-instagram\"><\/i>\t\t\t\t\t<\/a>\n\t\t\t\t<\/span>\n\t\t\t\t\t\t\t<span class=\"elementor-grid-item\" role=\"listitem\">\n\t\t\t\t\t<a class=\"elementor-icon elementor-social-icon elementor-social-icon-facebook-messenger elementor-animation-float elementor-repeater-item-c542822\" href=\"https:\/\/www.facebook.com\/messages\/t\/196726357331751\" target=\"_blank\">\n\t\t\t\t\t\t<span class=\"elementor-screen-only\">Facebook-messenger<\/span>\n\t\t\t\t\t\t<i aria-hidden=\"true\" class=\"fab fa-facebook-messenger\"><\/i>\t\t\t\t\t<\/a>\n\t\t\t\t<\/span>\n\t\t\t\t\t\t\t<span class=\"elementor-grid-item\" role=\"listitem\">\n\t\t\t\t\t<a class=\"elementor-icon elementor-social-icon elementor-social-icon-envelope elementor-animation-float elementor-repeater-item-d125cf2\" href=\"mailto:info@secretdogeres.com\" target=\"_blank\">\n\t\t\t\t\t\t<span class=\"elementor-screen-only\">Envelope<\/span>\n\t\t\t\t\t\t<i aria-hidden=\"true\" class=\"fas fa-envelope\"><\/i>\t\t\t\t\t<\/a>\n\t\t\t\t<\/span>\n\t\t\t\t\t<\/div>\n\t\t\t\t\t\t<\/div>\n\t\t\t\t<\/div>\n\t\t\t\t\t<\/div>\n\t\t<\/div>\n\t\t\t\t\t<\/div>\n\t\t<\/section>\n\t\t\t\t<section class=\"elementor-section elementor-top-section elementor-element elementor-element-7054d960 elementor-section-boxed elementor-section-height-default elementor-section-height-default\" data-id=\"7054d960\" data-element_type=\"section\">\n\t\t\t\t\t\t<div class=\"elementor-container elementor-column-gap-default\">\n\t\t\t\t\t<div class=\"elementor-column elementor-col-100 elementor-top-column elementor-element elementor-element-273f39bb\" data-id=\"273f39bb\" data-element_type=\"column\">\n\t\t\t<div class=\"elementor-widget-wrap\">\n\t\t\t\t\t\t\t<\/div>\n\t\t<\/div>\n\t\t\t\t\t<\/div>\n\t\t<\/section>\n\t\t\t\t<section class=\"elementor-section elementor-top-section elementor-element elementor-element-2fe63e6 elementor-section-boxed elementor-section-height-default elementor-section-height-default\" data-id=\"2fe63e6\" data-element_type=\"section\">\n\t\t\t\t\t\t<div class=\"elementor-container elementor-column-gap-default\">\n\t\t\t\t\t<div class=\"elementor-column elementor-col-100 elementor-top-column elementor-element elementor-element-c0c0a32\" data-id=\"c0c0a32\" data-element_type=\"column\">\n\t\t\t<div class=\"elementor-widget-wrap elementor-element-populated\">\n\t\t\t\t\t\t\t<\/div>\n\t\t<\/div>\n\t\t\t\t\t<\/div>\n\t\t<\/section>\n\t\t\t\t<\/div>","protected":false},"excerpt":{"rendered":"<p>Pedido de Reserva \u00a1 Muchas gracias por tu inter\u00e9s en Secret do Ger\u00eas ! Para confirmar tu reserva comun\u00edcate por cualquiera de los siguientes canales de contacto. * precios desde 90\u20ac \/noche (desayuno continental incluido) Whatsapp Instagram Facebook-messenger Envelope<\/p>","protected":false},"author":3,"featured_media":0,"parent":0,"menu_order":0,"comment_status":"closed","ping_status":"closed","template":"elementor_header_footer","meta":{"inline_featured_image":false,"footnotes":""},"class_list":["post-30","page","type-page","status-publish","hentry"],"yoast_head":"<!-- This site is optimized with the Yoast SEO plugin v24.6 - https:\/\/yoast.com\/wordpress\/plugins\/seo\/ -->\n<title>Confirmaci\u00f3n de reserva - Secret Do Ger\u00eas<\/title>\n<meta name=\"robots\" content=\"index, follow, max-snippet:-1, max-image-preview:large, max-video-preview:-1\" \/>\n<link rel=\"canonical\" href=\"https:\/\/www.secretdogeres.com\/en\/booking-confirmation\/\" \/>\n<meta property=\"og:locale\" content=\"en_GB\" \/>\n<meta property=\"og:type\" content=\"article\" \/>\n<meta property=\"og:title\" content=\"Confirmaci\u00f3n de reserva - Secret Do Ger\u00eas\" \/>\n<meta property=\"og:description\" content=\"Pedido de Reserva \u00a1 Muchas gracias por tu inter\u00e9s en Secret do Ger\u00eas ! Para confirmar tu reserva comun\u00edcate por cualquiera de los siguientes canales de contacto. * precios desde 90\u20ac \/noche (desayuno continental incluido) Whatsapp Instagram Facebook-messenger Envelope\" \/>\n<meta property=\"og:url\" content=\"https:\/\/www.secretdogeres.com\/en\/booking-confirmation\/\" \/>\n<meta property=\"og:site_name\" content=\"Secret Do Ger\u00eas\" \/>\n<meta property=\"article:modified_time\" content=\"2025-11-16T12:09:06+00:00\" \/>\n<meta name=\"twitter:card\" content=\"summary_large_image\" \/>\n<meta name=\"twitter:label1\" content=\"Estimated reading time\" \/>\n\t<meta name=\"twitter:data1\" content=\"1 minute\" \/>\n<script type=\"application\/ld+json\" class=\"yoast-schema-graph\">{\"@context\":\"https:\/\/schema.org\",\"@graph\":[{\"@type\":\"WebPage\",\"@id\":\"https:\/\/www.secretdogeres.com\/booking-confirmation\/\",\"url\":\"https:\/\/www.secretdogeres.com\/booking-confirmation\/\",\"name\":\"Confirmaci\u00f3n de reserva - Secret Do Ger\u00eas\",\"isPartOf\":{\"@id\":\"https:\/\/www.secretdogeres.com\/pt\/#website\"},\"datePublished\":\"2022-04-30T17:47:06+00:00\",\"dateModified\":\"2025-11-16T12:09:06+00:00\",\"breadcrumb\":{\"@id\":\"https:\/\/www.secretdogeres.com\/booking-confirmation\/#breadcrumb\"},\"inLanguage\":\"en-GB\",\"potentialAction\":[{\"@type\":\"ReadAction\",\"target\":[\"https:\/\/www.secretdogeres.com\/booking-confirmation\/\"]}]},{\"@type\":\"BreadcrumbList\",\"@id\":\"https:\/\/www.secretdogeres.com\/booking-confirmation\/#breadcrumb\",\"itemListElement\":[{\"@type\":\"ListItem\",\"position\":1,\"name\":\"Portada\",\"item\":\"https:\/\/www.secretdogeres.com\/pt\/\"},{\"@type\":\"ListItem\",\"position\":2,\"name\":\"Confirmaci\u00f3n de reserva\"}]},{\"@type\":\"WebSite\",\"@id\":\"https:\/\/www.secretdogeres.com\/pt\/#website\",\"url\":\"https:\/\/www.secretdogeres.com\/pt\/\",\"name\":\"Secret Do Ger\u00eas\",\"description\":\"Treehouse Tourism\",\"publisher\":{\"@id\":\"https:\/\/www.secretdogeres.com\/pt\/#organization\"},\"potentialAction\":[{\"@type\":\"SearchAction\",\"target\":{\"@type\":\"EntryPoint\",\"urlTemplate\":\"https:\/\/www.secretdogeres.com\/pt\/?s={search_term_string}\"},\"query-input\":{\"@type\":\"PropertyValueSpecification\",\"valueRequired\":true,\"valueName\":\"search_term_string\"}}],\"inLanguage\":\"en-GB\"},{\"@type\":\"Organization\",\"@id\":\"https:\/\/www.secretdogeres.com\/pt\/#organization\",\"name\":\"Secret Do Ger\u00eas\",\"url\":\"https:\/\/www.secretdogeres.com\/pt\/\",\"logo\":{\"@type\":\"ImageObject\",\"inLanguage\":\"en-GB\",\"@id\":\"https:\/\/www.secretdogeres.com\/pt\/#\/schema\/logo\/image\/\",\"url\":\"https:\/\/www.secretdogeres.com\/wp-content\/uploads\/2022\/05\/cropped-sdg_logo.png\",\"contentUrl\":\"https:\/\/www.secretdogeres.com\/wp-content\/uploads\/2022\/05\/cropped-sdg_logo.png\",\"width\":182,\"height\":182,\"caption\":\"Secret Do Ger\u00eas\"},\"image\":{\"@id\":\"https:\/\/www.secretdogeres.com\/pt\/#\/schema\/logo\/image\/\"}}]}<\/script>\n<!-- \/ Yoast SEO plugin. -->","yoast_head_json":{"title":"Confirmaci\u00f3n de reserva - Secret Do Ger\u00eas","robots":{"index":"index","follow":"follow","max-snippet":"max-snippet:-1","max-image-preview":"max-image-preview:large","max-video-preview":"max-video-preview:-1"},"canonical":"https:\/\/www.secretdogeres.com\/en\/booking-confirmation\/","og_locale":"en_GB","og_type":"article","og_title":"Confirmaci\u00f3n de reserva - Secret Do Ger\u00eas","og_description":"Pedido de Reserva \u00a1 Muchas gracias por tu inter\u00e9s en Secret do Ger\u00eas ! Para confirmar tu reserva comun\u00edcate por cualquiera de los siguientes canales de contacto. * precios desde 90\u20ac \/noche (desayuno continental incluido) Whatsapp Instagram Facebook-messenger Envelope","og_url":"https:\/\/www.secretdogeres.com\/en\/booking-confirmation\/","og_site_name":"Secret Do Ger\u00eas","article_modified_time":"2025-11-16T12:09:06+00:00","twitter_card":"summary_large_image","twitter_misc":{"Estimated reading time":"1 minute"},"schema":{"@context":"https:\/\/schema.org","@graph":[{"@type":"WebPage","@id":"https:\/\/www.secretdogeres.com\/booking-confirmation\/","url":"https:\/\/www.secretdogeres.com\/booking-confirmation\/","name":"Confirmaci\u00f3n de reserva - Secret Do Ger\u00eas","isPartOf":{"@id":"https:\/\/www.secretdogeres.com\/pt\/#website"},"datePublished":"2022-04-30T17:47:06+00:00","dateModified":"2025-11-16T12:09:06+00:00","breadcrumb":{"@id":"https:\/\/www.secretdogeres.com\/booking-confirmation\/#breadcrumb"},"inLanguage":"en-GB","potentialAction":[{"@type":"ReadAction","target":["https:\/\/www.secretdogeres.com\/booking-confirmation\/"]}]},{"@type":"BreadcrumbList","@id":"https:\/\/www.secretdogeres.com\/booking-confirmation\/#breadcrumb","itemListElement":[{"@type":"ListItem","position":1,"name":"Portada","item":"https:\/\/www.secretdogeres.com\/pt\/"},{"@type":"ListItem","position":2,"name":"Confirmaci\u00f3n de reserva"}]},{"@type":"WebSite","@id":"https:\/\/www.secretdogeres.com\/pt\/#website","url":"https:\/\/www.secretdogeres.com\/pt\/","name":"Secret Do Ger\u00eas","description":"Treehouse Tourism","publisher":{"@id":"https:\/\/www.secretdogeres.com\/pt\/#organization"},"potentialAction":[{"@type":"SearchAction","target":{"@type":"EntryPoint","urlTemplate":"https:\/\/www.secretdogeres.com\/pt\/?s={search_term_string}"},"query-input":{"@type":"PropertyValueSpecification","valueRequired":true,"valueName":"search_term_string"}}],"inLanguage":"en-GB"},{"@type":"Organization","@id":"https:\/\/www.secretdogeres.com\/pt\/#organization","name":"Secret Do Ger\u00eas","url":"https:\/\/www.secretdogeres.com\/pt\/","logo":{"@type":"ImageObject","inLanguage":"en-GB","@id":"https:\/\/www.secretdogeres.com\/pt\/#\/schema\/logo\/image\/","url":"https:\/\/www.secretdogeres.com\/wp-content\/uploads\/2022\/05\/cropped-sdg_logo.png","contentUrl":"https:\/\/www.secretdogeres.com\/wp-content\/uploads\/2022\/05\/cropped-sdg_logo.png","width":182,"height":182,"caption":"Secret Do Ger\u00eas"},"image":{"@id":"https:\/\/www.secretdogeres.com\/pt\/#\/schema\/logo\/image\/"}}]}},"_links":{"self":[{"href":"https:\/\/www.secretdogeres.com\/en\/wp-json\/wp\/v2\/pages\/30"}],"collection":[{"href":"https:\/\/www.secretdogeres.com\/en\/wp-json\/wp\/v2\/pages"}],"about":[{"href":"https:\/\/www.secretdogeres.com\/en\/wp-json\/wp\/v2\/types\/page"}],"author":[{"embeddable":true,"href":"https:\/\/www.secretdogeres.com\/en\/wp-json\/wp\/v2\/users\/3"}],"replies":[{"embeddable":true,"href":"https:\/\/www.secretdogeres.com\/en\/wp-json\/wp\/v2\/comments?post=30"}],"version-history":[{"count":82,"href":"https:\/\/www.secretdogeres.com\/en\/wp-json\/wp\/v2\/pages\/30\/revisions"}],"predecessor-version":[{"id":6624,"href":"https:\/\/www.secretdogeres.com\/en\/wp-json\/wp\/v2\/pages\/30\/revisions\/6624"}],"wp:attachment":[{"href":"https:\/\/www.secretdogeres.com\/en\/wp-json\/wp\/v2\/media?parent=30"}],"curies":[{"name":"wp","href":"https:\/\/api.w.org\/{rel}","templated":true}]}}