{"id":210,"date":"2022-05-02T04:59:14","date_gmt":"2022-05-02T04:59:14","guid":{"rendered":"https:\/\/secretdogeres.com\/?page_id=210"},"modified":"2022-07-19T09:42:23","modified_gmt":"2022-07-19T09:42:23","slug":"cabanas","status":"publish","type":"page","link":"https:\/\/www.secretdogeres.com\/en\/cabanas\/","title":{"rendered":"Cabins"},"content":{"rendered":"<div data-elementor-type=\"wp-page\" data-elementor-id=\"210\" class=\"elementor elementor-210\">\n\t\t\t\t\t\t<section class=\"elementor-section elementor-top-section elementor-element elementor-element-0b32164 elementor-section-height-min-height elementor-section-boxed elementor-section-height-default elementor-section-items-middle\" data-id=\"0b32164\" data-element_type=\"section\" data-settings=\"{&quot;background_background&quot;:&quot;classic&quot;}\">\n\t\t\t\t\t\t\t<div class=\"elementor-background-overlay\"><\/div>\n\t\t\t\t\t\t\t<div class=\"elementor-container elementor-column-gap-default\">\n\t\t\t\t\t<div class=\"elementor-column elementor-col-100 elementor-top-column elementor-element elementor-element-c23791e\" data-id=\"c23791e\" data-element_type=\"column\">\n\t\t\t<div class=\"elementor-widget-wrap elementor-element-populated\">\n\t\t\t\t\t\t<div class=\"elementor-element elementor-element-b26f3c4 elementor-widget elementor-widget-heading\" data-id=\"b26f3c4\" data-element_type=\"widget\" data-widget_type=\"heading.default\">\n\t\t\t\t<div class=\"elementor-widget-container\">\n\t\t\t\t\t<h2 class=\"elementor-heading-title elementor-size-default\">Our Treehouses<\/h2>\t\t\t\t<\/div>\n\t\t\t\t<\/div>\n\t\t\t\t\t<\/div>\n\t\t<\/div>\n\t\t\t\t\t<\/div>\n\t\t<\/section>\n\t\t\t\t<section class=\"elementor-section elementor-top-section elementor-element elementor-element-8a880ad elementor-section-boxed elementor-section-height-default elementor-section-height-default\" data-id=\"8a880ad\" data-element_type=\"section\">\n\t\t\t\t\t\t<div class=\"elementor-container elementor-column-gap-default\">\n\t\t\t\t\t<div class=\"elementor-column elementor-col-50 elementor-top-column elementor-element elementor-element-7a929c8\" data-id=\"7a929c8\" data-element_type=\"column\" data-settings=\"{&quot;background_background&quot;:&quot;classic&quot;}\">\n\t\t\t<div class=\"elementor-widget-wrap elementor-element-populated\">\n\t\t\t\t\t\t<div class=\"elementor-element elementor-element-f1295ef elementor-widget elementor-widget-spacer\" data-id=\"f1295ef\" data-element_type=\"widget\" data-widget_type=\"spacer.default\">\n\t\t\t\t<div class=\"elementor-widget-container\">\n\t\t\t\t\t\t\t<div class=\"elementor-spacer\">\n\t\t\t<div class=\"elementor-spacer-inner\"><\/div>\n\t\t<\/div>\n\t\t\t\t\t\t<\/div>\n\t\t\t\t<\/div>\n\t\t\t\t\t<\/div>\n\t\t<\/div>\n\t\t\t\t<div class=\"elementor-column elementor-col-50 elementor-top-column elementor-element elementor-element-b9424a9\" data-id=\"b9424a9\" data-element_type=\"column\">\n\t\t\t<div class=\"elementor-widget-wrap elementor-element-populated\">\n\t\t\t\t\t\t<div class=\"elementor-element elementor-element-6a34415 elementor-invisible elementor-widget elementor-widget-heading\" data-id=\"6a34415\" data-element_type=\"widget\" data-settings=\"{&quot;_animation&quot;:&quot;fadeIn&quot;}\" data-widget_type=\"heading.default\">\n\t\t\t\t<div class=\"elementor-widget-container\">\n\t\t\t\t\t<h1 class=\"elementor-heading-title elementor-size-default\">Amanita Treehouse\n<\/h1>\t\t\t\t<\/div>\n\t\t\t\t<\/div>\n\t\t\t\t<div class=\"elementor-element elementor-element-fa53f6f elementor-widget-divider--view-line elementor-widget elementor-widget-divider\" data-id=\"fa53f6f\" data-element_type=\"widget\" data-widget_type=\"divider.default\">\n\t\t\t\t<div class=\"elementor-widget-container\">\n\t\t\t\t\t\t\t<div class=\"elementor-divider\">\n\t\t\t<span class=\"elementor-divider-separator\">\n\t\t\t\t\t\t<\/span>\n\t\t<\/div>\n\t\t\t\t\t\t<\/div>\n\t\t\t\t<\/div>\n\t\t\t\t<div class=\"elementor-element elementor-element-b0e8290 elementor-widget elementor-widget-button\" data-id=\"b0e8290\" data-element_type=\"widget\" data-widget_type=\"button.default\">\n\t\t\t\t<div class=\"elementor-widget-container\">\n\t\t\t\t\t\t\t\t\t<div class=\"elementor-button-wrapper\">\n\t\t\t\t\t<a class=\"elementor-button elementor-button-link elementor-size-sm elementor-animation-float\" href=\"https:\/\/www.secretdogeres.com\/en\/accommodation\/amanita-treehouse\/\">\n\t\t\t\t\t\t<span class=\"elementor-button-content-wrapper\">\n\t\t\t\t\t\t\t\t\t<span class=\"elementor-button-text\">See details<\/span>\n\t\t\t\t\t<\/span>\n\t\t\t\t\t<\/a>\n\t\t\t\t<\/div>\n\t\t\t\t\t\t\t\t<\/div>\n\t\t\t\t<\/div>\n\t\t\t\t\t<\/div>\n\t\t<\/div>\n\t\t\t\t\t<\/div>\n\t\t<\/section>\n\t\t\t\t<section class=\"elementor-section elementor-top-section elementor-element elementor-element-9947bc6 elementor-reverse-mobile elementor-section-boxed elementor-section-height-default elementor-section-height-default\" data-id=\"9947bc6\" data-element_type=\"section\">\n\t\t\t\t\t\t<div class=\"elementor-container elementor-column-gap-default\">\n\t\t\t\t\t<div class=\"elementor-column elementor-col-50 elementor-top-column elementor-element elementor-element-4ebe004\" data-id=\"4ebe004\" data-element_type=\"column\">\n\t\t\t<div class=\"elementor-widget-wrap elementor-element-populated\">\n\t\t\t\t\t\t<div class=\"elementor-element elementor-element-a50d843 elementor-invisible elementor-widget elementor-widget-heading\" data-id=\"a50d843\" data-element_type=\"widget\" data-settings=\"{&quot;_animation&quot;:&quot;fadeIn&quot;}\" data-widget_type=\"heading.default\">\n\t\t\t\t<div class=\"elementor-widget-container\">\n\t\t\t\t\t<h1 class=\"elementor-heading-title elementor-size-default\">Cantharellus Treehouse\n<\/h1>\t\t\t\t<\/div>\n\t\t\t\t<\/div>\n\t\t\t\t<div class=\"elementor-element elementor-element-360a97b elementor-widget-divider--view-line elementor-widget elementor-widget-divider\" data-id=\"360a97b\" data-element_type=\"widget\" data-widget_type=\"divider.default\">\n\t\t\t\t<div class=\"elementor-widget-container\">\n\t\t\t\t\t\t\t<div class=\"elementor-divider\">\n\t\t\t<span class=\"elementor-divider-separator\">\n\t\t\t\t\t\t<\/span>\n\t\t<\/div>\n\t\t\t\t\t\t<\/div>\n\t\t\t\t<\/div>\n\t\t\t\t<div class=\"elementor-element elementor-element-1bcfe5e elementor-widget elementor-widget-button\" data-id=\"1bcfe5e\" data-element_type=\"widget\" data-widget_type=\"button.default\">\n\t\t\t\t<div class=\"elementor-widget-container\">\n\t\t\t\t\t\t\t\t\t<div class=\"elementor-button-wrapper\">\n\t\t\t\t\t<a class=\"elementor-button elementor-button-link elementor-size-sm elementor-animation-float\" href=\"https:\/\/www.secretdogeres.com\/en\/accommodation\/cantharellus-treehouse\/\">\n\t\t\t\t\t\t<span class=\"elementor-button-content-wrapper\">\n\t\t\t\t\t\t\t\t\t<span class=\"elementor-button-text\">See details<\/span>\n\t\t\t\t\t<\/span>\n\t\t\t\t\t<\/a>\n\t\t\t\t<\/div>\n\t\t\t\t\t\t\t\t<\/div>\n\t\t\t\t<\/div>\n\t\t\t\t\t<\/div>\n\t\t<\/div>\n\t\t\t\t<div class=\"elementor-column elementor-col-50 elementor-top-column elementor-element elementor-element-9d7b9b5\" data-id=\"9d7b9b5\" data-element_type=\"column\" data-settings=\"{&quot;background_background&quot;:&quot;classic&quot;}\">\n\t\t\t<div class=\"elementor-widget-wrap elementor-element-populated\">\n\t\t\t\t\t\t<div class=\"elementor-element elementor-element-f634ede elementor-widget elementor-widget-spacer\" data-id=\"f634ede\" data-element_type=\"widget\" data-widget_type=\"spacer.default\">\n\t\t\t\t<div class=\"elementor-widget-container\">\n\t\t\t\t\t\t\t<div class=\"elementor-spacer\">\n\t\t\t<div class=\"elementor-spacer-inner\"><\/div>\n\t\t<\/div>\n\t\t\t\t\t\t<\/div>\n\t\t\t\t<\/div>\n\t\t\t\t\t<\/div>\n\t\t<\/div>\n\t\t\t\t\t<\/div>\n\t\t<\/section>\n\t\t\t\t<section class=\"elementor-section elementor-top-section elementor-element elementor-element-6af364b elementor-section-boxed elementor-section-height-default elementor-section-height-default\" data-id=\"6af364b\" data-element_type=\"section\">\n\t\t\t\t\t\t<div class=\"elementor-container elementor-column-gap-default\">\n\t\t\t\t\t<div class=\"elementor-column elementor-col-50 elementor-top-column elementor-element elementor-element-12f36b6\" data-id=\"12f36b6\" data-element_type=\"column\" data-settings=\"{&quot;background_background&quot;:&quot;classic&quot;}\">\n\t\t\t<div class=\"elementor-widget-wrap elementor-element-populated\">\n\t\t\t\t\t\t<div class=\"elementor-element elementor-element-38ae0a8 elementor-widget elementor-widget-spacer\" data-id=\"38ae0a8\" data-element_type=\"widget\" data-widget_type=\"spacer.default\">\n\t\t\t\t<div class=\"elementor-widget-container\">\n\t\t\t\t\t\t\t<div class=\"elementor-spacer\">\n\t\t\t<div class=\"elementor-spacer-inner\"><\/div>\n\t\t<\/div>\n\t\t\t\t\t\t<\/div>\n\t\t\t\t<\/div>\n\t\t\t\t\t<\/div>\n\t\t<\/div>\n\t\t\t\t<div class=\"elementor-column elementor-col-50 elementor-top-column elementor-element elementor-element-70a77ab\" data-id=\"70a77ab\" data-element_type=\"column\">\n\t\t\t<div class=\"elementor-widget-wrap elementor-element-populated\">\n\t\t\t\t\t\t<div class=\"elementor-element elementor-element-e312875 elementor-invisible elementor-widget elementor-widget-heading\" data-id=\"e312875\" data-element_type=\"widget\" data-settings=\"{&quot;_animation&quot;:&quot;fadeIn&quot;}\" data-widget_type=\"heading.default\">\n\t\t\t\t<div class=\"elementor-widget-container\">\n\t\t\t\t\t<h1 class=\"elementor-heading-title elementor-size-default\">G\u00edrgola Treehouse <\/h1>\t\t\t\t<\/div>\n\t\t\t\t<\/div>\n\t\t\t\t<div class=\"elementor-element elementor-element-58c1f99 elementor-widget-divider--view-line elementor-widget elementor-widget-divider\" data-id=\"58c1f99\" data-element_type=\"widget\" data-widget_type=\"divider.default\">\n\t\t\t\t<div class=\"elementor-widget-container\">\n\t\t\t\t\t\t\t<div class=\"elementor-divider\">\n\t\t\t<span class=\"elementor-divider-separator\">\n\t\t\t\t\t\t<\/span>\n\t\t<\/div>\n\t\t\t\t\t\t<\/div>\n\t\t\t\t<\/div>\n\t\t\t\t<div class=\"elementor-element elementor-element-cbcfa16 elementor-widget elementor-widget-button\" data-id=\"cbcfa16\" data-element_type=\"widget\" data-widget_type=\"button.default\">\n\t\t\t\t<div class=\"elementor-widget-container\">\n\t\t\t\t\t\t\t\t\t<div class=\"elementor-button-wrapper\">\n\t\t\t\t\t<a class=\"elementor-button elementor-button-link elementor-size-sm elementor-animation-float\" href=\"https:\/\/www.secretdogeres.com\/en\/accommodation\/girgola-treehouse\/\">\n\t\t\t\t\t\t<span class=\"elementor-button-content-wrapper\">\n\t\t\t\t\t\t\t\t\t<span class=\"elementor-button-text\">See details<\/span>\n\t\t\t\t\t<\/span>\n\t\t\t\t\t<\/a>\n\t\t\t\t<\/div>\n\t\t\t\t\t\t\t\t<\/div>\n\t\t\t\t<\/div>\n\t\t\t\t\t<\/div>\n\t\t<\/div>\n\t\t\t\t\t<\/div>\n\t\t<\/section>\n\t\t\t\t<section class=\"elementor-section elementor-top-section elementor-element elementor-element-e8fdf1a elementor-section-boxed elementor-section-height-default elementor-section-height-default\" data-id=\"e8fdf1a\" data-element_type=\"section\">\n\t\t\t\t\t\t<div class=\"elementor-container elementor-column-gap-default\">\n\t\t\t\t\t<div class=\"elementor-column elementor-col-100 elementor-top-column elementor-element elementor-element-f3e7d6c\" data-id=\"f3e7d6c\" data-element_type=\"column\">\n\t\t\t<div class=\"elementor-widget-wrap elementor-element-populated\">\n\t\t\t\t\t\t<div class=\"elementor-element elementor-element-fae2317 elementor-widget elementor-widget-heading\" data-id=\"fae2317\" data-element_type=\"widget\" data-widget_type=\"heading.default\">\n\t\t\t\t<div class=\"elementor-widget-container\">\n\t\t\t\t\t<h2 class=\"elementor-heading-title elementor-size-default\">All our cabins have:<\/h2>\t\t\t\t<\/div>\n\t\t\t\t<\/div>\n\t\t\t\t<div class=\"elementor-element elementor-element-a702459 elementor-widget elementor-widget-text-editor\" data-id=\"a702459\" data-element_type=\"widget\" data-widget_type=\"text-editor.default\">\n\t\t\t\t<div class=\"elementor-widget-container\">\n\t\t\t\t\t\t\t\t\t<p>* 32\u201d Smart TV (free streaming service)<\/p><p>* Pellet stove<\/p><p>* Dolce Gusto coffee machine<\/p><p>* Refrigerator with minibar service<\/p><p>* Microwave<\/p><p>* Dishwasher<\/p><p>* Complete tableware<\/p><p>* Mosquito nets<\/p><p>* Ceiling fan<\/p><p>*Hair dryer<\/p><p>* Continental breakfast served in the cabin<\/p><p>* Free cleaning service for stays longer than 3 days<\/p>\t\t\t\t\t\t\t\t<\/div>\n\t\t\t\t<\/div>\n\t\t\t\t\t<\/div>\n\t\t<\/div>\n\t\t\t\t\t<\/div>\n\t\t<\/section>\n\t\t\t\t<\/div>","protected":false},"excerpt":{"rendered":"<p>Nuestras caba\u00f1as Amanita Treehouse Ver detalles Cantharellus Treehouse Ver detalles G\u00edrgola Treehouse Ver detalles Todas nuestras caba\u00f1as disponen de: * Smart TV de 32\u201d (servicio de streaming gratuito) * Salamandra pellets * M\u00e1quina de caf\u00e9 Dolce Gusto * Frigorifico con servicio de miniBar * Microondas * Lavavajillas * Platos, cubiertos y vasos * Mosquiteras * [&hellip;]<\/p>","protected":false},"author":3,"featured_media":0,"parent":0,"menu_order":0,"comment_status":"closed","ping_status":"closed","template":"elementor_header_footer","meta":{"inline_featured_image":false,"footnotes":""},"class_list":["post-210","page","type-page","status-publish","hentry"],"yoast_head":"<!-- This site is optimized with the Yoast SEO plugin v24.6 - https:\/\/yoast.com\/wordpress\/plugins\/seo\/ -->\n<title>Caba\u00f1as - Secret Do Ger\u00eas<\/title>\n<meta name=\"robots\" content=\"index, follow, max-snippet:-1, max-image-preview:large, max-video-preview:-1\" \/>\n<link rel=\"canonical\" href=\"https:\/\/www.secretdogeres.com\/en\/cabanas\/\" \/>\n<meta property=\"og:locale\" content=\"en_GB\" \/>\n<meta property=\"og:type\" content=\"article\" \/>\n<meta property=\"og:title\" content=\"Caba\u00f1as - Secret Do Ger\u00eas\" \/>\n<meta property=\"og:description\" content=\"Nuestras caba\u00f1as Amanita Treehouse Ver detalles Cantharellus Treehouse Ver detalles G\u00edrgola Treehouse Ver detalles Todas nuestras caba\u00f1as disponen de: * Smart TV de 32\u201d (servicio de streaming gratuito) * Salamandra pellets * M\u00e1quina de caf\u00e9 Dolce Gusto * Frigorifico con servicio de miniBar * Microondas * Lavavajillas * Platos, cubiertos y vasos * Mosquiteras * [&hellip;]\" \/>\n<meta property=\"og:url\" content=\"https:\/\/www.secretdogeres.com\/en\/cabanas\/\" \/>\n<meta property=\"og:site_name\" content=\"Secret Do Ger\u00eas\" \/>\n<meta property=\"article:modified_time\" content=\"2022-07-19T09:42:23+00:00\" \/>\n<meta name=\"twitter:card\" content=\"summary_large_image\" \/>\n<meta name=\"twitter:label1\" content=\"Estimated reading time\" \/>\n\t<meta name=\"twitter:data1\" content=\"1 minute\" \/>\n<script type=\"application\/ld+json\" class=\"yoast-schema-graph\">{\"@context\":\"https:\/\/schema.org\",\"@graph\":[{\"@type\":\"WebPage\",\"@id\":\"https:\/\/www.secretdogeres.com\/cabanas\/\",\"url\":\"https:\/\/www.secretdogeres.com\/cabanas\/\",\"name\":\"Caba\u00f1as - Secret Do Ger\u00eas\",\"isPartOf\":{\"@id\":\"https:\/\/www.secretdogeres.com\/pt\/#website\"},\"datePublished\":\"2022-05-02T04:59:14+00:00\",\"dateModified\":\"2022-07-19T09:42:23+00:00\",\"breadcrumb\":{\"@id\":\"https:\/\/www.secretdogeres.com\/cabanas\/#breadcrumb\"},\"inLanguage\":\"en-GB\",\"potentialAction\":[{\"@type\":\"ReadAction\",\"target\":[\"https:\/\/www.secretdogeres.com\/cabanas\/\"]}]},{\"@type\":\"BreadcrumbList\",\"@id\":\"https:\/\/www.secretdogeres.com\/cabanas\/#breadcrumb\",\"itemListElement\":[{\"@type\":\"ListItem\",\"position\":1,\"name\":\"Portada\",\"item\":\"https:\/\/www.secretdogeres.com\/pt\/\"},{\"@type\":\"ListItem\",\"position\":2,\"name\":\"Caba\u00f1as\"}]},{\"@type\":\"WebSite\",\"@id\":\"https:\/\/www.secretdogeres.com\/pt\/#website\",\"url\":\"https:\/\/www.secretdogeres.com\/pt\/\",\"name\":\"Secret Do Ger\u00eas\",\"description\":\"Treehouse Tourism\",\"publisher\":{\"@id\":\"https:\/\/www.secretdogeres.com\/pt\/#organization\"},\"potentialAction\":[{\"@type\":\"SearchAction\",\"target\":{\"@type\":\"EntryPoint\",\"urlTemplate\":\"https:\/\/www.secretdogeres.com\/pt\/?s={search_term_string}\"},\"query-input\":{\"@type\":\"PropertyValueSpecification\",\"valueRequired\":true,\"valueName\":\"search_term_string\"}}],\"inLanguage\":\"en-GB\"},{\"@type\":\"Organization\",\"@id\":\"https:\/\/www.secretdogeres.com\/pt\/#organization\",\"name\":\"Secret Do Ger\u00eas\",\"url\":\"https:\/\/www.secretdogeres.com\/pt\/\",\"logo\":{\"@type\":\"ImageObject\",\"inLanguage\":\"en-GB\",\"@id\":\"https:\/\/www.secretdogeres.com\/pt\/#\/schema\/logo\/image\/\",\"url\":\"https:\/\/www.secretdogeres.com\/wp-content\/uploads\/2022\/05\/cropped-sdg_logo.png\",\"contentUrl\":\"https:\/\/www.secretdogeres.com\/wp-content\/uploads\/2022\/05\/cropped-sdg_logo.png\",\"width\":182,\"height\":182,\"caption\":\"Secret Do Ger\u00eas\"},\"image\":{\"@id\":\"https:\/\/www.secretdogeres.com\/pt\/#\/schema\/logo\/image\/\"}}]}<\/script>\n<!-- \/ Yoast SEO plugin. -->","yoast_head_json":{"title":"Caba\u00f1as - Secret Do Ger\u00eas","robots":{"index":"index","follow":"follow","max-snippet":"max-snippet:-1","max-image-preview":"max-image-preview:large","max-video-preview":"max-video-preview:-1"},"canonical":"https:\/\/www.secretdogeres.com\/en\/cabanas\/","og_locale":"en_GB","og_type":"article","og_title":"Caba\u00f1as - Secret Do Ger\u00eas","og_description":"Nuestras caba\u00f1as Amanita Treehouse Ver detalles Cantharellus Treehouse Ver detalles G\u00edrgola Treehouse Ver detalles Todas nuestras caba\u00f1as disponen de: * Smart TV de 32\u201d (servicio de streaming gratuito) * Salamandra pellets * M\u00e1quina de caf\u00e9 Dolce Gusto * Frigorifico con servicio de miniBar * Microondas * Lavavajillas * Platos, cubiertos y vasos * Mosquiteras * [&hellip;]","og_url":"https:\/\/www.secretdogeres.com\/en\/cabanas\/","og_site_name":"Secret Do Ger\u00eas","article_modified_time":"2022-07-19T09:42:23+00:00","twitter_card":"summary_large_image","twitter_misc":{"Estimated reading time":"1 minute"},"schema":{"@context":"https:\/\/schema.org","@graph":[{"@type":"WebPage","@id":"https:\/\/www.secretdogeres.com\/cabanas\/","url":"https:\/\/www.secretdogeres.com\/cabanas\/","name":"Caba\u00f1as - Secret Do Ger\u00eas","isPartOf":{"@id":"https:\/\/www.secretdogeres.com\/pt\/#website"},"datePublished":"2022-05-02T04:59:14+00:00","dateModified":"2022-07-19T09:42:23+00:00","breadcrumb":{"@id":"https:\/\/www.secretdogeres.com\/cabanas\/#breadcrumb"},"inLanguage":"en-GB","potentialAction":[{"@type":"ReadAction","target":["https:\/\/www.secretdogeres.com\/cabanas\/"]}]},{"@type":"BreadcrumbList","@id":"https:\/\/www.secretdogeres.com\/cabanas\/#breadcrumb","itemListElement":[{"@type":"ListItem","position":1,"name":"Portada","item":"https:\/\/www.secretdogeres.com\/pt\/"},{"@type":"ListItem","position":2,"name":"Caba\u00f1as"}]},{"@type":"WebSite","@id":"https:\/\/www.secretdogeres.com\/pt\/#website","url":"https:\/\/www.secretdogeres.com\/pt\/","name":"Secret Do Ger\u00eas","description":"Treehouse Tourism","publisher":{"@id":"https:\/\/www.secretdogeres.com\/pt\/#organization"},"potentialAction":[{"@type":"SearchAction","target":{"@type":"EntryPoint","urlTemplate":"https:\/\/www.secretdogeres.com\/pt\/?s={search_term_string}"},"query-input":{"@type":"PropertyValueSpecification","valueRequired":true,"valueName":"search_term_string"}}],"inLanguage":"en-GB"},{"@type":"Organization","@id":"https:\/\/www.secretdogeres.com\/pt\/#organization","name":"Secret Do Ger\u00eas","url":"https:\/\/www.secretdogeres.com\/pt\/","logo":{"@type":"ImageObject","inLanguage":"en-GB","@id":"https:\/\/www.secretdogeres.com\/pt\/#\/schema\/logo\/image\/","url":"https:\/\/www.secretdogeres.com\/wp-content\/uploads\/2022\/05\/cropped-sdg_logo.png","contentUrl":"https:\/\/www.secretdogeres.com\/wp-content\/uploads\/2022\/05\/cropped-sdg_logo.png","width":182,"height":182,"caption":"Secret Do Ger\u00eas"},"image":{"@id":"https:\/\/www.secretdogeres.com\/pt\/#\/schema\/logo\/image\/"}}]}},"_links":{"self":[{"href":"https:\/\/www.secretdogeres.com\/en\/wp-json\/wp\/v2\/pages\/210"}],"collection":[{"href":"https:\/\/www.secretdogeres.com\/en\/wp-json\/wp\/v2\/pages"}],"about":[{"href":"https:\/\/www.secretdogeres.com\/en\/wp-json\/wp\/v2\/types\/page"}],"author":[{"embeddable":true,"href":"https:\/\/www.secretdogeres.com\/en\/wp-json\/wp\/v2\/users\/3"}],"replies":[{"embeddable":true,"href":"https:\/\/www.secretdogeres.com\/en\/wp-json\/wp\/v2\/comments?post=210"}],"version-history":[{"count":61,"href":"https:\/\/www.secretdogeres.com\/en\/wp-json\/wp\/v2\/pages\/210\/revisions"}],"predecessor-version":[{"id":2072,"href":"https:\/\/www.secretdogeres.com\/en\/wp-json\/wp\/v2\/pages\/210\/revisions\/2072"}],"wp:attachment":[{"href":"https:\/\/www.secretdogeres.com\/en\/wp-json\/wp\/v2\/media?parent=210"}],"curies":[{"name":"wp","href":"https:\/\/api.w.org\/{rel}","templated":true}]}}